{"id":988,"date":"2022-09-07T11:07:27","date_gmt":"2022-09-07T09:07:27","guid":{"rendered":"https:\/\/www.tredu.academy\/imprint\/"},"modified":"2025-07-04T11:26:34","modified_gmt":"2025-07-04T09:26:34","slug":"imprint","status":"publish","type":"page","link":"https:\/\/www.tredu.academy\/en\/imprint\/","title":{"rendered":"Imprint"},"content":{"rendered":"<div class=\"fusion-fullwidth fullwidth-box fusion-builder-row-1 fusion-flex-container has-pattern-background has-mask-background nonhundred-percent-fullwidth non-hundred-percent-height-scrolling\" style=\"--awb-border-radius-top-left:0px;--awb-border-radius-top-right:0px;--awb-border-radius-bottom-right:0px;--awb-border-radius-bottom-left:0px;--awb-flex-wrap:wrap;\" ><div class=\"fusion-builder-row fusion-row fusion-flex-align-items-flex-start fusion-flex-content-wrap\" style=\"max-width:1248px;margin-left: calc(-4% \/ 2 );margin-right: calc(-4% \/ 2 );\"><div class=\"fusion-layout-column fusion_builder_column fusion-builder-column-0 fusion_builder_column_1_1 1_1 fusion-flex-column\" style=\"--awb-bg-size:cover;--awb-width-large:100%;--awb-margin-top-large:0px;--awb-spacing-right-large:1.92%;--awb-margin-bottom-large:20px;--awb-spacing-left-large:1.92%;--awb-width-medium:100%;--awb-order-medium:0;--awb-spacing-right-medium:1.92%;--awb-spacing-left-medium:1.92%;--awb-width-small:100%;--awb-order-small:0;--awb-spacing-right-small:1.92%;--awb-spacing-left-small:1.92%;\"><div class=\"fusion-column-wrapper fusion-column-has-shadow fusion-flex-justify-content-flex-start fusion-content-layout-column\"><div class=\"fusion-text fusion-text-1\"><h2>Imprint<\/h2>\n<h3><a href=\"https:\/\/www.theranks.at\/\" target=\"_blank\" rel=\"noopener\">The Ranks GmbH<\/a><\/h3>\n<p>Ferchergasse 19, A-1170 Vienna<\/p>\n<p>FN 200.843 h. FG Vienna<\/p>\n<p>UID: ATU60864602<\/p>\n<p>tel +43 1 39 44 848<br \/>\nmail <a href=\"mailto:mail@tredu.academy\">mail(at)tredu.academy<\/a><\/p>\n<p>Authority acc. ECG: Municipal District Office of the 17th District<\/p>\n<p><a title=\"Duty to inform according to \u00a7 5 para. 1 E-Commerce Act\" href=\"https:\/\/www.wkoecg.at\/Ecg.aspx?FirmaID=d1cf99d9-281c-47a1-a745-48404280b22b\" target=\"_blank\" rel=\"noopener\">Duty to inform according to \u00a7 5 para. 1 E-Commerce Act<\/a><br \/>\n<!-- \n\n\n\n<h3>Google Analytics<\/h3>\n\n\n\n\nDiese Website benutzt Google Analytics, einen Webanalysedienst der Google Inc. (\u201eGoogle\u201c). Google Analytics verwendet sog. \u201eCookies\u201c, Textdateien, die auf Ihrem Computer gespeichert werden und die eine Analyse der Benutzung der Website durch Sie erm\u00f6glichen. Die durch das Cookie erzeugten Informationen \u00fcber Ihre Benutzung dieser Website werden in der Regel an einen Server von Google in den USA \u00fcbertragen und dort gespeichert. Im Falle der Aktivierung der IP-Anonymisierung auf dieser Website, wird Ihre IP-Adresse von Google jedoch innerhalb von Mitgliedstaaten der Europ\u00e4ischen Union oder in anderen Vertragsstaaten des Abkommens \u00fcber den Europ\u00e4ischen Wirtschaftsraum zuvor gek\u00fcrzt. Nur in Ausnahmef\u00e4llen wird die volle IP-Adresse an einen Server von Google in den USA \u00fcbertragen und dort gek\u00fcrzt. Im Auftrag des Betreibers dieser Website wird Google diese Informationen benutzen, um Ihre Nutzung der Website auszuwerten, um Reports \u00fcber die Websiteaktivit\u00e4ten zusammenzustellen und um weitere mit der Websitenutzung und der Internetnutzung verbundene Dienstleistungen gegen\u00fcber dem Websitebetreiber zu erbringen. Die im Rahmen von Google Analytics von Ihrem Browser \u00fcbermittelte IP-Adresse wird nicht mit anderen Daten von Google zusammengef\u00fchrt. Sie k\u00f6nnen die Speicherung der Cookies durch eine entsprechende Einstellung Ihrer Browser-Software verhindern; wir weisen Sie jedoch darauf hin, dass Sie in diesem Fall gegebenenfalls nicht s\u00e4mtliche Funktionen dieser Website vollumf\u00e4nglich werden nutzen k\u00f6nnen. Sie k\u00f6nnen dar\u00fcber hinaus die Erfassung der durch das Cookie erzeugten und auf Ihre Nutzung der Website bezogenen Daten (inkl. Ihrer IP-Adresse) an Google sowie die Verarbeitung dieser Daten durch Google verhindern, indem Sie das unter dem folgenden Link <a title=\"Google Analytics Opt Out\" href=\"https:\/\/tools.google.com\/dlpage\/gaoptout?hl=de\" target=\"_blank\" rel=\"noopener\">https:\/\/tools.google.com\/dlpage\/gaoptout?hl=de<\/a> verf\u00fcgbare Browser-Plugin herunterladen und installieren.\n\nN\u00e4here Informationen zu Nutzungsbedingungen und Datenschutz finden Sie unter <a title=\"Nutzungsbedingungen Google Analytics\" href=\"http:\/\/www.google.com\/analytics\/terms\/de.html\" target=\"_blank\" rel=\"noopener\">http:\/\/www.google.com\/analytics\/terms\/de.html<\/a> bzw. unter <a title=\"Datenschutz Google Analytics\" href=\"https:\/\/www.google.de\/intl\/de\/policies\/\" target=\"_blank\" rel=\"noopener\">https:\/\/www.google.de\/intl\/de\/policies\/<\/a>. Wir weisen Sie darauf hin, dass auf dieser Website Google Analytics um den Code \u201egat._anonymizeIp();\u201c erweitert wurde, um eine anonymisierte Erfassung von IP-Adressen (sog. IP-Masking) zu gew\u00e4hrleisten.\n\nQuelle: <a title=\"Datenschutzbeauftragter\" href=\"https:\/\/www.datenschutzbeauftragter-info.de\/\" target=\"_blank\" rel=\"noopener\">www.datenschutzbeauftragter-info.de<\/a>  --><\/p>\n<p>If you have any concerns or complaints, please use the following e-mail address: <a href=\"mailto:mail@tredu.academy\">mail@tredu.academy<\/a><\/p>\n<\/div><\/div><\/div><\/div><\/div>\n","protected":false},"excerpt":{"rendered":"","protected":false},"author":1,"featured_media":0,"parent":0,"menu_order":0,"comment_status":"closed","ping_status":"closed","template":"100-width.php","meta":{"footnotes":""},"class_list":["post-988","page","type-page","status-publish","hentry"],"yoast_head":"<!-- This site is optimized with the Yoast SEO plugin v27.2 - https:\/\/yoast.com\/product\/yoast-seo-wordpress\/ -->\n<title>Imprint - Train and Education<\/title>\n<meta name=\"description\" content=\"On this page you will find the imprint of the platform TREdu - The Ranks EDUcation. If you have any questions, please contact TREdu directly.\" \/>\n<meta name=\"robots\" content=\"index, follow, max-snippet:-1, max-image-preview:large, max-video-preview:-1\" \/>\n<link rel=\"canonical\" href=\"https:\/\/www.tredu.academy\/en\/imprint\/\" \/>\n<meta property=\"og:locale\" content=\"en_US\" \/>\n<meta property=\"og:type\" content=\"article\" \/>\n<meta property=\"og:title\" content=\"Imprint - Train and Education\" \/>\n<meta property=\"og:description\" content=\"On this page you will find the imprint of the platform TREdu - The Ranks EDUcation. If you have any questions, please contact TREdu directly.\" \/>\n<meta property=\"og:url\" content=\"https:\/\/www.tredu.academy\/en\/imprint\/\" \/>\n<meta property=\"og:site_name\" content=\"Train and Education\" \/>\n<meta property=\"article:modified_time\" content=\"2025-07-04T09:26:34+00:00\" \/>\n<meta name=\"twitter:card\" content=\"summary_large_image\" \/>\n<meta name=\"twitter:label1\" content=\"Est. reading time\" \/>\n\t<meta name=\"twitter:data1\" content=\"4 minutes\" \/>\n<script type=\"application\/ld+json\" class=\"yoast-schema-graph\">{\"@context\":\"https:\/\/schema.org\",\"@graph\":[{\"@type\":\"WebPage\",\"@id\":\"https:\/\/www.tredu.academy\/en\/imprint\/\",\"url\":\"https:\/\/www.tredu.academy\/en\/imprint\/\",\"name\":\"Imprint - Train and Education\",\"isPartOf\":{\"@id\":\"https:\/\/www.tredu.academy\/en\/#website\"},\"datePublished\":\"2022-09-07T09:07:27+00:00\",\"dateModified\":\"2025-07-04T09:26:34+00:00\",\"description\":\"On this page you will find the imprint of the platform TREdu - The Ranks EDUcation. If you have any questions, please contact TREdu directly.\",\"breadcrumb\":{\"@id\":\"https:\/\/www.tredu.academy\/en\/imprint\/#breadcrumb\"},\"inLanguage\":\"en-US\",\"potentialAction\":[{\"@type\":\"ReadAction\",\"target\":[\"https:\/\/www.tredu.academy\/en\/imprint\/\"]}]},{\"@type\":\"BreadcrumbList\",\"@id\":\"https:\/\/www.tredu.academy\/en\/imprint\/#breadcrumb\",\"itemListElement\":[{\"@type\":\"ListItem\",\"position\":1,\"name\":\"Startseite\",\"item\":\"https:\/\/www.tredu.academy\/en\/tredu-training-education\/\"},{\"@type\":\"ListItem\",\"position\":2,\"name\":\"Imprint\"}]},{\"@type\":\"WebSite\",\"@id\":\"https:\/\/www.tredu.academy\/en\/#website\",\"url\":\"https:\/\/www.tredu.academy\/en\/\",\"name\":\"Train and Education\",\"description\":\"Tredu \u2013 dein Begleiter f\u00fcr lebenslanges Lernen\",\"potentialAction\":[{\"@type\":\"SearchAction\",\"target\":{\"@type\":\"EntryPoint\",\"urlTemplate\":\"https:\/\/www.tredu.academy\/en\/?s={search_term_string}\"},\"query-input\":{\"@type\":\"PropertyValueSpecification\",\"valueRequired\":true,\"valueName\":\"search_term_string\"}}],\"inLanguage\":\"en-US\"}]}<\/script>\n<!-- \/ Yoast SEO plugin. -->","yoast_head_json":{"title":"Imprint - Train and Education","description":"On this page you will find the imprint of the platform TREdu - The Ranks EDUcation. If you have any questions, please contact TREdu directly.","robots":{"index":"index","follow":"follow","max-snippet":"max-snippet:-1","max-image-preview":"max-image-preview:large","max-video-preview":"max-video-preview:-1"},"canonical":"https:\/\/www.tredu.academy\/en\/imprint\/","og_locale":"en_US","og_type":"article","og_title":"Imprint - Train and Education","og_description":"On this page you will find the imprint of the platform TREdu - The Ranks EDUcation. If you have any questions, please contact TREdu directly.","og_url":"https:\/\/www.tredu.academy\/en\/imprint\/","og_site_name":"Train and Education","article_modified_time":"2025-07-04T09:26:34+00:00","twitter_card":"summary_large_image","twitter_misc":{"Est. reading time":"4 minutes"},"schema":{"@context":"https:\/\/schema.org","@graph":[{"@type":"WebPage","@id":"https:\/\/www.tredu.academy\/en\/imprint\/","url":"https:\/\/www.tredu.academy\/en\/imprint\/","name":"Imprint - Train and Education","isPartOf":{"@id":"https:\/\/www.tredu.academy\/en\/#website"},"datePublished":"2022-09-07T09:07:27+00:00","dateModified":"2025-07-04T09:26:34+00:00","description":"On this page you will find the imprint of the platform TREdu - The Ranks EDUcation. If you have any questions, please contact TREdu directly.","breadcrumb":{"@id":"https:\/\/www.tredu.academy\/en\/imprint\/#breadcrumb"},"inLanguage":"en-US","potentialAction":[{"@type":"ReadAction","target":["https:\/\/www.tredu.academy\/en\/imprint\/"]}]},{"@type":"BreadcrumbList","@id":"https:\/\/www.tredu.academy\/en\/imprint\/#breadcrumb","itemListElement":[{"@type":"ListItem","position":1,"name":"Startseite","item":"https:\/\/www.tredu.academy\/en\/tredu-training-education\/"},{"@type":"ListItem","position":2,"name":"Imprint"}]},{"@type":"WebSite","@id":"https:\/\/www.tredu.academy\/en\/#website","url":"https:\/\/www.tredu.academy\/en\/","name":"Train and Education","description":"Tredu \u2013 dein Begleiter f\u00fcr lebenslanges Lernen","potentialAction":[{"@type":"SearchAction","target":{"@type":"EntryPoint","urlTemplate":"https:\/\/www.tredu.academy\/en\/?s={search_term_string}"},"query-input":{"@type":"PropertyValueSpecification","valueRequired":true,"valueName":"search_term_string"}}],"inLanguage":"en-US"}]}},"_links":{"self":[{"href":"https:\/\/www.tredu.academy\/en\/wp-json\/wp\/v2\/pages\/988","targetHints":{"allow":["GET"]}}],"collection":[{"href":"https:\/\/www.tredu.academy\/en\/wp-json\/wp\/v2\/pages"}],"about":[{"href":"https:\/\/www.tredu.academy\/en\/wp-json\/wp\/v2\/types\/page"}],"author":[{"embeddable":true,"href":"https:\/\/www.tredu.academy\/en\/wp-json\/wp\/v2\/users\/1"}],"replies":[{"embeddable":true,"href":"https:\/\/www.tredu.academy\/en\/wp-json\/wp\/v2\/comments?post=988"}],"version-history":[{"count":8,"href":"https:\/\/www.tredu.academy\/en\/wp-json\/wp\/v2\/pages\/988\/revisions"}],"predecessor-version":[{"id":1144,"href":"https:\/\/www.tredu.academy\/en\/wp-json\/wp\/v2\/pages\/988\/revisions\/1144"}],"wp:attachment":[{"href":"https:\/\/www.tredu.academy\/en\/wp-json\/wp\/v2\/media?parent=988"}],"curies":[{"name":"wp","href":"https:\/\/api.w.org\/{rel}","templated":true}]}}